{"id":87,"date":"2008-12-25T20:50:49","date_gmt":"2008-12-25T19:50:49","guid":{"rendered":"http:\/\/www.green-blitz.de\/?page_id=87"},"modified":"2011-12-11T12:22:15","modified_gmt":"2011-12-11T11:22:15","slug":"impressum-kontakt","status":"publish","type":"page","link":"https:\/\/www.green-blitz.de\/?page_id=87","title":{"rendered":"Impressum + Kontakt"},"content":{"rendered":"<p>Lars Kollros<\/p>\n<p>Bogenstr. 24<\/p>\n<p>46045 Oberhausen<\/p>\n<p>brina (at) green-blitz.de<\/p>\n<p>Alle Bilder und Texte auf der Internetseite unterliegen der <a href=\"http:\/\/creativecommons.org\/licenses\/by-nc-nd\/2.0\/de\/\">Creative Commons Lizenz<\/a><\/p>\n<p>verwendetes Template: bp-sleepytiger von <a href=\"http:\/\/blogpimp.de\">BlogPimp<\/a> \/ <a href=\"http:\/\/appelt-mediendesign.de\">Appelt Mediendesign<\/a><\/p>\n<p>1.            Inhalt des Onlineangebotes<\/p>\n<p>Der            Inhaber der Seite \u00fcbernimmt keinerlei Gew\u00e4hr f\u00fcr die            Aktualit\u00e4t, Korrektheit, Vollst\u00e4ndigkeit oder Qualit\u00e4t            der bereitgestellten Informationen. Haftungsanspr\u00fcche gegen den            Inhaber, welche sich auf Sch\u00e4den materieller oder ideeller Art            beziehen, die durch die Nutzung oder Nichtnutzung der dargebotenen Informationen            bzw. durch die Nutzung fehlerhafter und unvollst\u00e4ndiger Informationen            verursacht wurden, sind grunds\u00e4tzlich ausgeschlossen, sofern seitens            des Inhabers kein nachweislich vors\u00e4tzliches oder grob fahrl\u00e4ssiges            Verschulden vorliegt. Alle Angebote sind freibleibend und unverbindlich.            Der Inhaber beh\u00e4lt es sich ausdr\u00fccklich vor, Teile der Seiten            oder das gesamte Angebot ohne gesonderte Ank\u00fcndigung zu ver\u00e4ndern,            zu erg\u00e4nzen, zu l\u00f6schen oder die Ver\u00f6ffentlichung zeitweise            oder endg\u00fcltig einzustellen.<\/p>\n<p>2.            Verweise und Links<\/p>\n<p>Bei            direkten oder indirekten Verweisen auf fremde Internetseiten (&#8222;Links&#8220;),            die au\u00dferhalb des Verantwortungsbereiches des Inhabers liegen,            w\u00fcrde eine Haftungsverpflichtung ausschlie\u00dflich in dem Fall            in Kraft treten, in dem der Inhaber von den Inhalten Kenntnis hat und            es ihr technisch m\u00f6glich und zumutbar w\u00e4re, die Nutzung im            Falle rechtswidriger Inhalte zu verhindern. Der Inhaber erkl\u00e4rt            hiermit ausdr\u00fccklich, dass zum Zeitpunkt der Linksetzung keine            illegalen Inhalte auf den zu verlinkenden Seiten erkennbar waren. Auf            die aktuelle und zuk\u00fcnftige Gestaltung, die Inhalte oder die Urheberschaft            der gelinkten\/verkn\u00fcpften Seiten hat der Inhaber keinerlei Einfluss.            Deshalb distanziert sie sich hiermit ausdr\u00fccklich von allen Inhalten            aller gelinkten \/ verkn\u00fcpften Seiten, die nach der Linksetzung            ver\u00e4ndert wurden. Diese Feststellung gilt f\u00fcr alle innerhalb            des eigenen Internetangebotes gesetzten Links und Verweise sowie f\u00fcr            Fremdeintr\u00e4ge in vom Eigent\u00fcmer eingerichteten G\u00e4steb\u00fcchern,            Diskussionsforen und Mailinglisten. F\u00fcr illegale, fehlerhafte oder            unvollst\u00e4ndige Inhalte und insbesondere f\u00fcr Sch\u00e4den,            die aus der Nutzung oder Nichtnutzung solcherart dargebotener Informationen            entstehen, haftet allein der Anbieter der Seite, auf welche verwiesen            wurde, nicht derjenige, der \u00fcber Links auf die jeweilige Ver\u00f6ffentlichung            lediglich verweist.<\/p>\n<p>3.            Urheber- und Kennzeichenrecht<\/p>\n<p>Der            Inhaber der Seite ist bestrebt, in allen Publikationen die Urheberrechte            der verwendeten Grafiken, Tondokumente, Videosequenzen und Texte zu            beachten, von ihr selbst erstellte Grafiken, Tondokumente, Videosequenzen            und Texte zu nutzen oder auf lizenzfreie Grafiken, Tondokumente, Videosequenzen            und Texte zur\u00fcckzugreifen. Alle innerhalb des Internetangebotes            genannten und ggf. durch Dritte gesch\u00fctzten Marken- und Warenzeichen            unterliegen uneingeschr\u00e4nkt den Bestimmungen des jeweils g\u00fcltigen            Kennzeichenrechts und den Besitzrechten der jeweiligen eingetragenen            Eigent\u00fcmer. Allein aufgrund der blo\u00dfen Nennung ist nicht            der Schluss zu ziehen, dass Markenzeichen nicht durch Rechte Dritter            gesch\u00fctzt sind! Das Copyright f\u00fcr ver\u00f6ffentlichte, von            dem Inhaber selbst erstellte Objekte bleibt allein bei der Alternativen            Liste. Eine Vervielf\u00e4ltigung oder Verwendung solcher Grafiken,            Tondokumente, Videosequenzen und Texte in anderen elektronischen oder            gedruckten Publikationen ist ohne ausdr\u00fcckliche Zustimmung des            Inhabers nicht gestattet.<\/p>\n<p>4.            Datenschutz<\/p>\n<p>Sofern            innerhalb des Internetangebotes die M\u00f6glichkeit zur Eingabe pers\u00f6nlicher            oder gesch\u00e4ftlicher Daten (Emailadressen, Namen, Anschriften) besteht,            so erfolgt die Preisgabe dieser Daten seitens des Nutzers auf ausdr\u00fccklich            freiwilliger Basis.<\/p>\n<p>5.            Rechtswirksamkeit<\/p>\n<p>Dieser            Haftungsausschluss ist als Teil des Internetangebotes zu betrachten,            von dem aus auf diese Seite verwiesen wurde. Sofern Teile oder einzelne            Formulierungen dieses Textes der geltenden Rechtslage nicht, nicht mehr            oder nicht vollst\u00e4ndig entsprechen sollten, bleiben die \u00fcbrigen            Teile des Dokumentes in ihrem Inhalt und ihrer G\u00fcltigkeit davon            unber\u00fchrt.<\/p>\n","protected":false},"excerpt":{"rendered":"<p>Lars Kollros Bogenstr. 24 46045 Oberhausen brina (at) green-blitz.de Alle Bilder und Texte auf der Internetseite unterliegen der Creative Commons Lizenz verwendetes Template: bp-sleepytiger von BlogPimp \/ Appelt Mediendesign 1. Inhalt des Onlineangebotes Der Inhaber der Seite \u00fcbernimmt keinerlei Gew\u00e4hr f\u00fcr die Aktualit\u00e4t, Korrektheit, Vollst\u00e4ndigkeit oder Qualit\u00e4t der bereitgestellten Informationen. Haftungsanspr\u00fcche gegen den Inhaber, welche [&hellip;]<\/p>\n","protected":false},"author":2,"featured_media":0,"parent":0,"menu_order":0,"comment_status":"open","ping_status":"open","template":"","meta":{"ngg_post_thumbnail":0,"footnotes":""},"_links":{"self":[{"href":"https:\/\/www.green-blitz.de\/index.php?rest_route=\/wp\/v2\/pages\/87"}],"collection":[{"href":"https:\/\/www.green-blitz.de\/index.php?rest_route=\/wp\/v2\/pages"}],"about":[{"href":"https:\/\/www.green-blitz.de\/index.php?rest_route=\/wp\/v2\/types\/page"}],"author":[{"embeddable":true,"href":"https:\/\/www.green-blitz.de\/index.php?rest_route=\/wp\/v2\/users\/2"}],"replies":[{"embeddable":true,"href":"https:\/\/www.green-blitz.de\/index.php?rest_route=%2Fwp%2Fv2%2Fcomments&post=87"}],"version-history":[{"count":7,"href":"https:\/\/www.green-blitz.de\/index.php?rest_route=\/wp\/v2\/pages\/87\/revisions"}],"predecessor-version":[{"id":338,"href":"https:\/\/www.green-blitz.de\/index.php?rest_route=\/wp\/v2\/pages\/87\/revisions\/338"}],"wp:attachment":[{"href":"https:\/\/www.green-blitz.de\/index.php?rest_route=%2Fwp%2Fv2%2Fmedia&parent=87"}],"curies":[{"name":"wp","href":"https:\/\/api.w.org\/{rel}","templated":true}]}}